{"id":4459,"date":"2023-03-24T13:44:45","date_gmt":"2023-03-24T13:44:45","guid":{"rendered":"https:\/\/domusoccultorum.it\/?post_type=product&#038;p=4459"},"modified":"2024-09-09T08:35:02","modified_gmt":"2024-09-09T08:35:02","slug":"potente-rituale-supremo-la-chiave-del-cuore","status":"publish","type":"product","link":"https:\/\/domusoccultorum.it\/index.php\/prodotto\/potente-rituale-supremo-la-chiave-del-cuore\/","title":{"rendered":"Potente Rituale Supremo La Chiave Del Cuore"},"content":{"rendered":"<h4>Questo potente rituale, \u00e8 stato studiato nei minimi dettagli dei segreti di Lucifero dal M\u00b0 L. S. con la collaborazione di altri M\u00b0 Luciferiani del Nor America e dell&#8217;America Latina. Racchiude i 4 punti esoterici dell&#8217;amore: Legamento\/Unione, Plagio, Sottomissione e Fedelt\u00e0. Il rituale ha una durata di 2 lunazioni, cio\u00e8 58 giorni e sar\u00e0 accompagnato da un potente talismano (chiave e cuore) contestualmente ritualizzato fino all&#8217;ultimo giorno del rituale. Infine lo stesso vi sar\u00e0 consegnato con tutte le spiegazione dettagliate da eseguire assieme ad altri prodotti esoterici. Il rituale \u00e8 sconsigliato a persone ansiose di raggiungere l&#8217;obiettivo dall&#8217;oggi al domani; al contrario e con tanta fede, i risultati vi sorprenderanno e avrete nella mani &#8220;il potere&#8221; dell&#8217;amore sul vostro partner. Due persone su tre, con questo potente rituale, hanno raggiunto l&#8217;obiettivo.<\/h4>\n<h4>Questo potente rituale, \u00e8 consigliato anche per coppie omosessuali.<\/h4>\n<h4>Nb. Questo potente rituale, potr\u00e0 essere effettuato solo ed esclusivamente dal Maestro. Per chi fosse interessato, non esitate a contattarci e vi daremo qualsiasi delucidazioni e\/o spiegazioni in merito.<\/h4>\n<h4>Talismano in Argento 925 Made in Italy.<\/h4>\n","protected":false},"excerpt":{"rendered":"<p>Questo potente rituale, \u00e8 stato studiato nei minimi dettagli dei segreti di Lucifero dal M\u00b0 L. S. con la collaborazione di altri M\u00b0 Luciferiani del Nor America e dell&#8217;America Latina. Racchiude i 4 punti esoterici dell&#8217;amore: Legamento\/Unione, Plagio, Sottomissione e Fedelt\u00e0. Il rituale ha una durata di 2 lunazioni, cio\u00e8 58 giorni e sar\u00e0 accompagnato [&hellip;]<\/p>\n","protected":false},"featured_media":4460,"template":"","meta":{"_acf_changed":false},"product_brand":[],"product_cat":[279],"product_tag":[],"class_list":{"0":"post-4459","1":"product","2":"type-product","3":"status-publish","4":"has-post-thumbnail","6":"product_cat-gran-rituali-supremi-eseguiti-dal-nostro-maestro-luxsamael","8":"first","9":"instock","10":"shipping-taxable","11":"product-type-simple"},"acf":[],"_links":{"self":[{"href":"https:\/\/domusoccultorum.it\/index.php\/wp-json\/wp\/v2\/product\/4459","targetHints":{"allow":["GET"]}}],"collection":[{"href":"https:\/\/domusoccultorum.it\/index.php\/wp-json\/wp\/v2\/product"}],"about":[{"href":"https:\/\/domusoccultorum.it\/index.php\/wp-json\/wp\/v2\/types\/product"}],"wp:featuredmedia":[{"embeddable":true,"href":"https:\/\/domusoccultorum.it\/index.php\/wp-json\/wp\/v2\/media\/4460"}],"wp:attachment":[{"href":"https:\/\/domusoccultorum.it\/index.php\/wp-json\/wp\/v2\/media?parent=4459"}],"wp:term":[{"taxonomy":"product_brand","embeddable":true,"href":"https:\/\/domusoccultorum.it\/index.php\/wp-json\/wp\/v2\/product_brand?post=4459"},{"taxonomy":"product_cat","embeddable":true,"href":"https:\/\/domusoccultorum.it\/index.php\/wp-json\/wp\/v2\/product_cat?post=4459"},{"taxonomy":"product_tag","embeddable":true,"href":"https:\/\/domusoccultorum.it\/index.php\/wp-json\/wp\/v2\/product_tag?post=4459"}],"curies":[{"name":"wp","href":"https:\/\/api.w.org\/{rel}","templated":true}]}}