{"id":5641,"date":"2024-09-09T14:03:09","date_gmt":"2024-09-09T14:03:09","guid":{"rendered":"https:\/\/domusoccultorum.it\/?post_type=product&#038;p=5641"},"modified":"2026-01-15T12:56:06","modified_gmt":"2026-01-15T12:56:06","slug":"rituale-pace-e-unita-familiare","status":"publish","type":"product","link":"https:\/\/domusoccultorum.it\/index.php\/prodotto\/rituale-pace-e-unita-familiare\/","title":{"rendered":"Rituale Pace e Unit\u00e0 Familiare"},"content":{"rendered":"<h5><em>Potente rituale ancestrale per portare la pace in famiglia e pi\u00f9 unit\u00e0 tra i membri della famiglia!<\/em><\/h5>\n<h5><em>Il kit comprende il materiale necessario, istruzioni, l\u2019orazione, olii, polveri, ecc&#8230;\u00a0<\/em><\/h5>\n<h5><em>Per migliori risultati si consiglia di ripetere questo rituale 3 volte.<\/em><\/h5>\n<h5><em>Data l\u2019artigianalit\u00e0 dei prodotti, gli stessi possono differire dall\u2019immagine, che ha puramente lo scopo illustrativo.<\/em><\/h5>\n<h5><\/h5>\n","protected":false},"excerpt":{"rendered":"<p>Potente rituale ancestrale per portare la pace in famiglia e pi\u00f9 unit\u00e0 tra i membri della famiglia! Il kit comprende il materiale necessario, istruzioni, l\u2019orazione, olii, polveri, ecc&#8230;\u00a0 Per migliori risultati si consiglia di ripetere questo rituale 3 volte. Data l\u2019artigianalit\u00e0 dei prodotti, gli stessi possono differire dall\u2019immagine, che ha puramente lo scopo illustrativo.<\/p>\n","protected":false},"featured_media":5642,"template":"","meta":{"_acf_changed":false},"product_brand":[],"product_cat":[481,268,499],"product_tag":[],"class_list":{"0":"post-5641","1":"product","2":"type-product","3":"status-publish","4":"has-post-thumbnail","6":"product_cat-amore-kit-rituali-minori","7":"product_cat-kit-rituali-minori","8":"product_cat-salomonici-amore-kit-rituali-minori","10":"first","11":"instock","12":"shipping-taxable","13":"purchasable","14":"product-type-variable"},"acf":[],"_links":{"self":[{"href":"https:\/\/domusoccultorum.it\/index.php\/wp-json\/wp\/v2\/product\/5641","targetHints":{"allow":["GET"]}}],"collection":[{"href":"https:\/\/domusoccultorum.it\/index.php\/wp-json\/wp\/v2\/product"}],"about":[{"href":"https:\/\/domusoccultorum.it\/index.php\/wp-json\/wp\/v2\/types\/product"}],"wp:featuredmedia":[{"embeddable":true,"href":"https:\/\/domusoccultorum.it\/index.php\/wp-json\/wp\/v2\/media\/5642"}],"wp:attachment":[{"href":"https:\/\/domusoccultorum.it\/index.php\/wp-json\/wp\/v2\/media?parent=5641"}],"wp:term":[{"taxonomy":"product_brand","embeddable":true,"href":"https:\/\/domusoccultorum.it\/index.php\/wp-json\/wp\/v2\/product_brand?post=5641"},{"taxonomy":"product_cat","embeddable":true,"href":"https:\/\/domusoccultorum.it\/index.php\/wp-json\/wp\/v2\/product_cat?post=5641"},{"taxonomy":"product_tag","embeddable":true,"href":"https:\/\/domusoccultorum.it\/index.php\/wp-json\/wp\/v2\/product_tag?post=5641"}],"curies":[{"name":"wp","href":"https:\/\/api.w.org\/{rel}","templated":true}]}}